{"id":2333,"date":"2023-09-13T19:59:31","date_gmt":"2023-09-13T19:59:31","guid":{"rendered":"https:\/\/kotulipan.hu\/?page_id=2333"},"modified":"2023-11-02T10:52:32","modified_gmt":"2023-11-02T10:52:32","slug":"kezdo-oldal-masolat","status":"publish","type":"page","link":"https:\/\/kotulipan.hu\/","title":{"rendered":"Kezd\u0151 oldal m\u00e1solat"},"content":{"rendered":"<section class=\"wpb-content-wrapper\"><p>[vc_row fullwidth=&#8221;yes&#8221;][vc_column offset=&#8221;vc_col-lg-offset-0 vc_col-lg-12 vc_hidden-lg vc_col-md-offset-0 vc_col-md-12 vc_hidden-md vc_col-sm-offset-0 vc_hidden-sm vc_col-xs-12&#8243;][rev_slider_vc alias=&#8221;slider-2-desktop-1&#8243;][\/vc_column][\/vc_row][vc_row fullwidth=&#8221;yes&#8221;][vc_column offset=&#8221;vc_col-lg-offset-0 vc_col-md-offset-0 vc_col-sm-offset-0 vc_hidden-xs&#8221;][rev_slider_vc alias=&#8221;slider-1-desktop-1&#8243;][\/vc_column][\/vc_row][vc_row css=&#8221;.vc_custom_1694630200580{background-color: #3c3e39 !important;background-position: center !important;background-repeat: no-repeat !important;background-size: cover !important;}&#8221;][vc_column el_class=&#8221;color:#d9ccb8&#8243;][vc_column_text]<\/p>\n<h2><\/h2>\n<h2><\/h2>\n<h1><span style=\"color: #e1d5c5;\">A Vend\u00e9gh\u00e1z<\/span><\/h1>\n<h4><span style=\"color: #e1d5c5;\">Egy 2,5 hekt\u00e1ros birtok csendes nyugalm\u00e1ban Szentb\u00e9kk\u00e1lla falut\u00f3l 800 m\u00e9terre a Fekete-hegyen kiad\u00e1sra k\u00edn\u00e1ljuk az 1800-as \u00e9vek derek\u00e1n \u00e9p\u00fclt, 2019-ben teljesen fel\u00faj\u00edtott pr\u00e9sh\u00e1zunkat.<br \/>\nAz als\u00f3 szinten, az eredeti pince ter\u00e9ben egy t\u00e1gas konyha \u00e9s \u00e9tkez\u0151 fogadja a bel\u00e9p\u0151t. Ugyanitt kapott helyet a szauna is. A fels\u0151 szinten egyl\u00e9gter\u0171 h\u00e1l\u00f3 \u00e9s nappali ny\u00fajt kikapcsol\u00f3d\u00e1st 2+2 szem\u00e9ly r\u00e9sz\u00e9re.<br \/>\n\u00d6r\u00f6k panor\u00e1m\u00e1s terasza a K\u00e1li-medence fest\u0151i sz\u00e9ps\u00e9g\u00e9vel gy\u00f6ny\u00f6rk\u00f6dtet.<\/span><\/h4>\n<h4><span style=\"color: #e1d5c5;\">K\u0151tulip\u00e1n vend\u00e9gh\u00e1zunkat szeretettel aj\u00e1nljuk azoknak a p\u00e1roknak, csal\u00e1doknak (1, max. 2 gyermekkel) akik szeretik a term\u00e9szet k\u00f6zels\u00e9g\u00e9t, szabads\u00e1g\u00e1t, t\u00e1gass\u00e1g\u00e1t, csendj\u00e9t, nyugalmat ad\u00f3 erej\u00e9t.<\/span><\/h4>\n<p>[\/vc_column_text][\/vc_column][\/vc_row][vc_row css=&#8221;.vc_custom_1694633873012{background-color: #3c3e39 !important;background-position: center !important;background-repeat: no-repeat !important;background-size: cover !important;}&#8221;][vc_column][vc_masonry_media_grid element_width=&#8221;3&#8243; item=&#8221;mediaGrid_ScaleWithRotation&#8221; grid_id=&#8221;vc_gid:1698922324676-d20e1491-aae3-0&#8243; include=&#8221;2014,2013,2012,2010,2009,2008,2007,2006,2005,2004,2003,2002,2001,2000,1999,2397&#8243;][\/vc_column][\/vc_row][vc_row css=&#8221;.vc_custom_1694637653687{background-color: #3c3e39 !important;}&#8221;][vc_column]\n\t\t\t<!-- START Terkep REVOLUTION SLIDER 6.6.14 --><p class=\"rs-p-wp-fix\"><\/p>\n\t\t\t<rs-module-wrap id=\"rev_slider_9_1_wrapper\" data-source=\"gallery\" style=\"visibility:hidden;background:transparent;padding:0;margin:0px auto;margin-top:0;margin-bottom:0;\">\n\t\t\t\t<rs-module id=\"rev_slider_9_1\" style=\"\" data-version=\"6.6.14\">\n\t\t\t\t\t<rs-slides style=\"overflow: hidden; position: absolute;\">\n\t\t\t\t\t\t<rs-slide style=\"position: absolute;\" data-key=\"rs-10\" data-title=\"Slide\" data-in=\"o:0;\" data-out=\"a:false;\">\n\t\t\t\t\t\t\t<img decoding=\"async\" src=\"\/\/kotulipan.hu\/wp-content\/plugins\/revslider\/public\/assets\/assets\/dummy.png\" alt=\"Slide\" title=\"hatter_galeria\" width=\"1925\" height=\"890\" class=\"rev-slidebg tp-rs-img rs-lazyload\" data-lazyload=\"\/\/kotulipan.hu\/wp-content\/plugins\/revslider\/public\/assets\/assets\/transparent.png\" data-bg=\"p:center top;c:#d9ccb8;\" data-parallax=\"off\" data-no-retina>\n<!--\n\t\t\t\t\t\t\t--><rs-layer\n\t\t\t\t\t\t\t\tid=\"slider-9-slide-10-layer-0\" \n\t\t\t\t\t\t\t\tdata-type=\"shape\"\n\t\t\t\t\t\t\t\tdata-rsp_ch=\"on\"\n\t\t\t\t\t\t\t\tdata-xy=\"x:c;y:-350px;\"\n\t\t\t\t\t\t\t\tdata-text=\"w:normal;\"\n\t\t\t\t\t\t\t\tdata-dim=\"w:150%;h:500px;\"\n\t\t\t\t\t\t\t\tdata-basealign=\"slide\"\n\t\t\t\t\t\t\t\tdata-btrans=\"rZ:-4;\"\n\t\t\t\t\t\t\t\tdata-frame_999=\"o:0;st:w;\"\n\t\t\t\t\t\t\t\tstyle=\"z-index:6;background-color:#3c3e39;\"\n\t\t\t\t\t\t\t> \n\t\t\t\t\t\t\t<\/rs-layer><!--\n\n\t\t\t\t\t\t\t--><rs-layer\n\t\t\t\t\t\t\t\tid=\"slider-9-slide-10-layer-1\" \n\t\t\t\t\t\t\t\tclass=\"rs-pxl-1\"\n\t\t\t\t\t\t\t\tdata-type=\"image\"\n\t\t\t\t\t\t\t\tdata-bsh=\"h:10px;v:10px;b:10px;s:2px;\"\n\t\t\t\t\t\t\t\tdata-rsp_ch=\"on\"\n\t\t\t\t\t\t\t\tdata-xy=\"x:c;y:c;\"\n\t\t\t\t\t\t\t\tdata-text=\"w:normal;\"\n\t\t\t\t\t\t\t\tdata-dim=\"w:100%;\"\n\t\t\t\t\t\t\t\tdata-border=\"bos:solid;boc:#ffffff;bow:10px,10px,10px,10px;\"\n\t\t\t\t\t\t\t\tdata-frame_999=\"o:0;st:w;\"\n\t\t\t\t\t\t\t\tdata-frame_hover=\"rZ:0deg;boc:#fff;bos:solid;bow:10px,10px,10px,10px;\"\n\t\t\t\t\t\t\t\tstyle=\"z-index:7;\"\n\t\t\t\t\t\t\t><img decoding=\"async\" src=\"\/\/kotulipan.hu\/wp-content\/plugins\/revslider\/public\/assets\/assets\/dummy.png\" alt=\"\" class=\"tp-rs-img rs-lazyload\" width=\"2561\" height=\"1393\" data-lazyload=\"\/\/kotulipan.hu\/wp-content\/uploads\/2023\/09\/7180270_2c.jpg\" data-no-retina> \n\t\t\t\t\t\t\t<\/rs-layer><!--\n\n\t\t\t\t\t\t\t--><rs-layer\n\t\t\t\t\t\t\t\tid=\"slider-9-slide-10-layer-4\" \n\t\t\t\t\t\t\t\tclass=\"rs-pxl-1\"\n\t\t\t\t\t\t\t\tdata-type=\"image\"\n\t\t\t\t\t\t\t\tdata-bsh=\"h:10px;v:10px;b:10px;s:2px;\"\n\t\t\t\t\t\t\t\tdata-rsp_ch=\"on\"\n\t\t\t\t\t\t\t\tdata-xy=\"x:c;y:c;\"\n\t\t\t\t\t\t\t\tdata-text=\"w:normal;\"\n\t\t\t\t\t\t\t\tdata-dim=\"w:100%;\"\n\t\t\t\t\t\t\t\tdata-blendmode=\"overlay\"\n\t\t\t\t\t\t\t\tdata-border=\"bos:solid;boc:#ffffff;bow:10px,10px,10px,10px;\"\n\t\t\t\t\t\t\t\tdata-frame_1=\"o:0;sp:10;\"\n\t\t\t\t\t\t\t\tdata-frame_999=\"o:0;st:w;\"\n\t\t\t\t\t\t\t\tdata-frame_hover=\"rZ:0deg;boc:#fff;bos:solid;bow:10px,10px,10px,10px;\"\n\t\t\t\t\t\t\t\tstyle=\"z-index:8;\"\n\t\t\t\t\t\t\t><img decoding=\"async\" src=\"\/\/kotulipan.hu\/wp-content\/plugins\/revslider\/public\/assets\/assets\/dummy.png\" alt=\"\" class=\"tp-rs-img rs-lazyload\" width=\"2561\" height=\"1393\" data-lazyload=\"\/\/kotulipan.hu\/wp-content\/uploads\/2023\/09\/7180270_2c-1.png\" data-no-retina> \n\t\t\t\t\t\t\t<\/rs-layer><!--\n-->\t\t\t\t\t\t<\/rs-slide>\n\t\t\t\t\t<\/rs-slides>\n\t\t\t\t<\/rs-module>\n\t\t\t\t<script>\n\t\t\t\t\tsetREVStartSize({c: 'rev_slider_9_1',rl:[1240,1024,778,480],el:[750],gw:[1240],gh:[750],type:'standard',justify:'',layout:'fullwidth',mh:\"0\"});if (window.RS_MODULES!==undefined && window.RS_MODULES.modules!==undefined && window.RS_MODULES.modules[\"revslider91\"]!==undefined) {window.RS_MODULES.modules[\"revslider91\"].once = false;window.revapi9 = undefined;if (window.RS_MODULES.checkMinimal!==undefined) window.RS_MODULES.checkMinimal()}\n\t\t\t\t<\/script>\n\t\t\t<\/rs-module-wrap>\n\t\t\t<!-- END REVOLUTION SLIDER -->\n[\/vc_column][\/vc_row][vc_row css=&#8221;.vc_custom_1694638449994{margin-top: -25px !important;background-color: #d9ccb8 !important;background-position: center !important;background-repeat: no-repeat !important;background-size: cover !important;}&#8221; el_id=&#8221;`{`id=&#8221;][vc_column][vc_column_text]<\/p>\n<h2 style=\"text-align: center; font-family: Crimson Pro,serif;\">Programok<\/h2>\n<p>[\/vc_column_text][\/vc_column][vc_column width=&#8221;1\/4&#8243;][vc_hoverbox image=&#8221;1959&#8243; primary_title=&#8221;&#8221; hover_title=&#8221;Szentb\u00e9kk\u00e1llai k\u0151tenger&#8221; hover_title_font_container=&#8221;font_size:23&#8243; hover_title_google_fonts=&#8221;font_family:Crimson%20Text%3Aregular%2Citalic%2C600%2C600italic%2C700%2C700italic|font_style:600%20bold%20regular%3A600%3Anormal&#8221; hover_background_color=&#8221;chino&#8221; hover_btn_title=&#8221;\u00c9rdekel&#8221; hover_btn_size=&#8221;sm&#8221; hover_btn_align=&#8221;right&#8221; hover_btn_i_align=&#8221;right&#8221; hover_btn_i_icon_fontawesome=&#8221;fas fa-arrow-right&#8221; use_custom_fonts_hover_title=&#8221;true&#8221; hover_add_button=&#8221;true&#8221; hover_btn_add_icon=&#8221;true&#8221; hover_btn_link=&#8221;url:https%3A%2F%2Fwelovebalaton.hu%2Fhely%2Fszentbekkallai-kotenger|title:Szentb%C3%A9kk%C3%A1llai%20k%C5%91tenger|target:_blank&#8221; hover_title_link=&#8221;url:https%3A%2F%2Fwelovebalaton.hu%2Fhely%2Fszentbekkallai-kotenger|title:Szentb%C3%A9kk%C3%A1llai%20k%C5%91tenger|target:_blank&#8221;]<span class=\"x193iq5w xeuugli x13faqbe x1vvkbs x1xmvt09 x1lliihq x1s928wv xhkezso x1gmr53x x1cpjm7i x1fgarty x1943h6x xudqn12 x3x7a5m x6prxxf xvq8zen xo1l8bm xzsf02u\" dir=\"auto\">A K\u00e1li-medence sz\u00e9l\u00e9n, Salf\u00f6ldt\u0151l K\u0151v\u00e1g\u00f3\u00f6rs\u00f6n \u00e1t a Hegyest\u0171ig h\u00faz\u00f3d\u00f3 s\u00e1vban egyed\u00fcl\u00e1ll\u00f3 term\u00e9szeti l\u00e1tnival\u00f3t, a &#8220;k\u0151tengereket&#8221; l\u00e1thatod.<\/span>[\/vc_hoverbox][vc_hoverbox image=&#8221;1960&#8243; primary_title=&#8221;&#8221; hover_title=&#8221;Andriska P\u00e9kbisztr\u00f3&#8221; hover_title_font_container=&#8221;font_size:28&#8243; hover_title_google_fonts=&#8221;font_family:Crimson%20Text%3Aregular%2Citalic%2C600%2C600italic%2C700%2C700italic|font_style:600%20bold%20regular%3A600%3Anormal&#8221; hover_background_color=&#8221;chino&#8221; hover_btn_title=&#8221;\u00c9rdekel&#8221; hover_btn_style=&#8221;flat&#8221; hover_btn_size=&#8221;sm&#8221; hover_btn_align=&#8221;right&#8221; hover_btn_i_align=&#8221;right&#8221; hover_btn_i_icon_fontawesome=&#8221;fas fa-arrow-right&#8221; use_custom_fonts_hover_title=&#8221;true&#8221; hover_add_button=&#8221;true&#8221; hover_btn_add_icon=&#8221;true&#8221; hover_btn_link=&#8221;url:https%3A%2F%2Fwww.andriskapekbisztro.hu%2F|title:Andriska%20P%C3%A9kbisztr%C3%B3|target:_blank&#8221; css=&#8221;.vc_custom_1690534377763{padding-top: 30px !important;}&#8221; hover_title_link=&#8221;url:https%3A%2F%2Fwww.andriskapekbisztro.hu%2F|title:Andriska%20P%C3%A9kbisztr%C3%B3|target:_blank&#8221;]<span class=\"x193iq5w xeuugli x13faqbe x1vvkbs x1xmvt09 x1lliihq x1s928wv xhkezso x1gmr53x x1cpjm7i x1fgarty x1943h6x xudqn12 x3x7a5m x6prxxf xvq8zen xo1l8bm xzsf02u\" dir=\"auto\">Kifli, k\u00e1v\u00e9, reggeli. Eg\u00e9sz \u00e9vben v\u00e1runk K\u0151v\u00e1g\u00f3\u00f6rs\u00f6n min\u0151s\u00e9gi, friss, helyben k\u00e9sz\u00edtett term\u00e9kekkel.<\/span>[\/vc_hoverbox][vc_hoverbox image=&#8221;1971&#8243; primary_title=&#8221;&#8221; hover_title=&#8221;Csig\u00f3 Art Pont 2023&#8243; hover_title_font_container=&#8221;font_size:25&#8243; hover_title_google_fonts=&#8221;font_family:Crimson%20Text%3Aregular%2Citalic%2C600%2C600italic%2C700%2C700italic|font_style:600%20bold%20regular%3A600%3Anormal&#8221; hover_background_color=&#8221;chino&#8221; hover_btn_title=&#8221;\u00c9rdekel&#8221; hover_btn_style=&#8221;flat&#8221; hover_btn_size=&#8221;sm&#8221; hover_btn_align=&#8221;right&#8221; hover_btn_i_align=&#8221;right&#8221; hover_btn_i_icon_fontawesome=&#8221;fas fa-arrow-right&#8221; use_custom_fonts_hover_title=&#8221;true&#8221; hover_add_button=&#8221;true&#8221; hover_btn_add_icon=&#8221;true&#8221; hover_btn_link=&#8221;url:https%3A%2F%2Fwww.programturizmus.hu%2Fajanlat-nyari-muveszeti-fesztival.html|title:Csig%C3%B3%20Art%20Pont%202023|target:_blank&#8221; css=&#8221;.vc_custom_1690534442984{padding-top: 30px !important;}&#8221; hover_title_link=&#8221;url:https%3A%2F%2Fwww.programturizmus.hu%2Fajanlat-nyari-muveszeti-fesztival.html|title:Csig%C3%B3%20Art%20Pont%202023|target:_blank&#8221;]<span class=\"x193iq5w xeuugli x13faqbe x1vvkbs x1xmvt09 x1lliihq x1s928wv xhkezso x1gmr53x x1cpjm7i x1fgarty x1943h6x xudqn12 x3x7a5m x6prxxf xvq8zen xo1l8bm xzsf02u\" dir=\"auto\">\u00d6sszm\u0171v\u00e9szeti rendezv\u00e9nysorozat a Csig\u00f3 Malomban. F\u00f3kuszban a komolyzene, k\u00e9pz\u0151m\u0171v\u00e9szet \u00e9s a gy\u0171jt\u00e9s vil\u00e1ga<\/span>.[\/vc_hoverbox][\/vc_column][vc_column width=&#8221;1\/4&#8243;][vc_hoverbox image=&#8221;1962&#8243; primary_title=&#8221;&#8221; hover_title=&#8221;Hegyest\u0171 Geol\u00f3giai Bemutat\u00f3hely&#8221; hover_title_font_container=&#8221;font_size:25&#8243; hover_title_google_fonts=&#8221;font_family:Crimson%20Text%3Aregular%2Citalic%2C600%2C600italic%2C700%2C700italic|font_style:600%20bold%20regular%3A600%3Anormal&#8221; hover_background_color=&#8221;chino&#8221; hover_btn_title=&#8221;\u00c9rdekel&#8221; hover_btn_size=&#8221;sm&#8221; hover_btn_align=&#8221;right&#8221; hover_btn_i_align=&#8221;right&#8221; hover_btn_i_icon_fontawesome=&#8221;fas fa-arrow-right&#8221; use_custom_fonts_hover_title=&#8221;true&#8221; hover_add_button=&#8221;true&#8221; hover_btn_add_icon=&#8221;true&#8221; hover_btn_link=&#8221;url:https%3A%2F%2Fwww.bfnp.hu%2Fhu%2Flatogatohelyek-3%2Fhegyestu-geologiai-bemutatohely-monoszlo|title:Hegyest%C5%B1|target:_blank&#8221; hover_title_link=&#8221;url:https%3A%2F%2Fwww.bfnp.hu%2Fhu%2Flatogatohelyek-3%2Fhegyestu-geologiai-bemutatohely-monoszlo|title:Hegyest%C5%B1|target:_blank&#8221;]<span class=\"x193iq5w xeuugli x13faqbe x1vvkbs x1xmvt09 x1lliihq x1s928wv xhkezso x1gmr53x x1cpjm7i x1fgarty x1943h6x xudqn12 x3x7a5m x6prxxf xvq8zen xo1l8bm xzsf02u\" dir=\"auto\">Pazar kil\u00e1t\u00e1s egy bazaltvulk\u00e1nr\u00f3l, s\u00e9ta az egykori kr\u00e1terben, Dun\u00e1nt\u00fali K\u0151t\u00e1r<\/span>[\/vc_hoverbox][vc_hoverbox image=&#8221;1964&#8243; primary_title=&#8221;&#8221; hover_title=&#8221;K\u0151vir\u00e1g \u00e9tterem&#8221; hover_title_font_container=&#8221;font_size:30&#8243; hover_title_google_fonts=&#8221;font_family:Crimson%20Text%3Aregular%2Citalic%2C600%2C600italic%2C700%2C700italic|font_style:600%20bold%20regular%3A600%3Anormal&#8221; hover_background_color=&#8221;chino&#8221; hover_btn_title=&#8221;\u00c9rdekel&#8221; hover_btn_size=&#8221;sm&#8221; hover_btn_align=&#8221;right&#8221; hover_btn_i_align=&#8221;right&#8221; hover_btn_i_icon_fontawesome=&#8221;fas fa-arrow-right&#8221; use_custom_fonts_hover_title=&#8221;true&#8221; hover_add_button=&#8221;true&#8221; hover_btn_add_icon=&#8221;true&#8221; hover_btn_link=&#8221;url:https%3A%2F%2Fkovirag.hu%2F|title:K%C5%91vir%C3%A1g|target:_blank&#8221; css=&#8221;.vc_custom_1690534394019{padding-top: 30px !important;}&#8221; hover_title_link=&#8221;url:https%3A%2F%2Fkovirag.hu%2F|title:K%C5%91vir%C3%A1g|target:_blank&#8221;]<span class=\"x193iq5w xeuugli x13faqbe x1vvkbs x1xmvt09 x1lliihq x1s928wv xhkezso x1gmr53x x1cpjm7i x1fgarty x1943h6x xudqn12 x3x7a5m x6prxxf xvq8zen xo1l8bm xzsf02u\" dir=\"auto\">Van valami ebben a helyben, amit nem lehet szavakkal le\u00edrni.<\/span>[\/vc_hoverbox][vc_hoverbox image=&#8221;1973&#8243; primary_title=&#8221;&#8221; hover_title=&#8221;K\u00e1li-kapocs&#8221; hover_title_font_container=&#8221;font_size:30&#8243; hover_title_google_fonts=&#8221;font_family:Crimson%20Text%3Aregular%2Citalic%2C600%2C600italic%2C700%2C700italic|font_style:600%20bold%20regular%3A600%3Anormal&#8221; hover_background_color=&#8221;chino&#8221; hover_btn_title=&#8221;\u00c9rdekel&#8221; hover_btn_size=&#8221;sm&#8221; hover_btn_align=&#8221;right&#8221; hover_btn_i_align=&#8221;right&#8221; hover_btn_i_icon_fontawesome=&#8221;fas fa-arrow-right&#8221; use_custom_fonts_hover_title=&#8221;true&#8221; hover_add_button=&#8221;true&#8221; hover_btn_add_icon=&#8221;true&#8221; hover_btn_link=&#8221;url:https%3A%2F%2Fwww.facebook.com%2Fprofile.php%3Fid%3D100063684392975|title:K%C3%A1li-kapocs|target:_blank&#8221; css=&#8221;.vc_custom_1690534459817{padding-top: 30px !important;}&#8221; hover_title_link=&#8221;url:https%3A%2F%2Fwww.facebook.com%2Fprofile.php%3Fid%3D100063684392975|title:K%C3%A1li-kapocs|target:_blank&#8221;]<span class=\"x193iq5w xeuugli x13faqbe x1vvkbs x1xmvt09 x1lliihq x1s928wv xhkezso x1gmr53x x1cpjm7i x1fgarty x1943h6x xudqn12 x3x7a5m x6prxxf xvq8zen xo1l8bm xzsf02u\" dir=\"auto\">Romkocsma a K\u00e1li-medenc\u00e9ben<\/span>[\/vc_hoverbox][\/vc_column][vc_column width=&#8221;1\/4&#8243;][vc_hoverbox image=&#8221;1961&#8243; primary_title=&#8221;&#8221; hover_title=&#8221;Folly Arbor\u00e9tum&#8221; hover_title_font_container=&#8221;font_size:30&#8243; hover_title_google_fonts=&#8221;font_family:Crimson%20Text%3Aregular%2Citalic%2C600%2C600italic%2C700%2C700italic|font_style:600%20bold%20regular%3A600%3Anormal&#8221; hover_background_color=&#8221;chino&#8221; hover_btn_title=&#8221;\u00c9rdekel&#8221; hover_btn_size=&#8221;sm&#8221; hover_btn_align=&#8221;right&#8221; hover_btn_i_align=&#8221;right&#8221; hover_btn_i_icon_fontawesome=&#8221;fas fa-arrow-right&#8221; use_custom_fonts_hover_title=&#8221;true&#8221; hover_add_button=&#8221;true&#8221; hover_btn_add_icon=&#8221;true&#8221; hover_btn_link=&#8221;url:https%3A%2F%2Fwww.folly.hu|title:Folly%20arbor%C3%A9tum|target:_blank&#8221; hover_title_link=&#8221;url:https%3A%2F%2Fwww.folly.hu%2F|title:Folly%20arbor%C3%A9tum|target:_blank&#8221;]<span class=\"x193iq5w xeuugli x13faqbe x1vvkbs x1xmvt09 x1lliihq x1s928wv xhkezso x1gmr53x x1cpjm7i x1fgarty x1943h6x xudqn12 x3x7a5m x6prxxf xvq8zen xo1l8bm xzsf02u\" dir=\"auto\">Az \u00e9v minden napj\u00e1n v\u00e1runk! 120 \u00e9ves \u00f6r\u00f6kz\u00f6ld mag\u00e1nkert, mesesz\u00e9p balatoni panor\u00e1ma, \u00e9s a vid\u00e9k \u00edzei.<\/span>[\/vc_hoverbox][vc_hoverbox image=&#8221;1957&#8243; primary_title=&#8221;&#8221; hover_title=&#8221;Miak\u0151 \u00c9tterem&#8221; hover_title_font_container=&#8221;font_size:30&#8243; hover_title_google_fonts=&#8221;font_family:Crimson%20Text%3Aregular%2Citalic%2C600%2C600italic%2C700%2C700italic|font_style:600%20bold%20regular%3A600%3Anormal&#8221; hover_background_color=&#8221;chino&#8221; hover_btn_title=&#8221;\u00c9rdekel&#8221; hover_btn_size=&#8221;sm&#8221; hover_btn_align=&#8221;right&#8221; hover_btn_i_align=&#8221;right&#8221; hover_btn_i_icon_fontawesome=&#8221;fas fa-arrow-right&#8221; use_custom_fonts_hover_title=&#8221;true&#8221; hover_add_button=&#8221;true&#8221; hover_btn_add_icon=&#8221;true&#8221; hover_btn_link=&#8221;url:https%3A%2F%2Fmia-ko.hu%2Fmenu%2Fenglish-menu%2F|title:Miak%C5%91|target:_blank&#8221; css=&#8221;.vc_custom_1690534417170{padding-top: 30px !important;}&#8221; hover_title_link=&#8221;url:https%3A%2F%2Fmia-ko.hu%2Fmenu%2Fenglish-menu%2F|title:Miak%C5%91|target:_blank&#8221;]<span class=\"x193iq5w xeuugli x13faqbe x1vvkbs x1xmvt09 x1lliihq x1s928wv xhkezso x1gmr53x x1cpjm7i x1fgarty x1943h6x xudqn12 x3x7a5m x6prxxf xvq8zen xo1l8bm xzsf02u\" dir=\"auto\">Egy borbolt, egy borb\u00e1r \u00e9s egy \u00e9tterem \u00e9s mind ez egyszerre! K\u00f6vesk\u00e1lon a K\u00e1li-medence sz\u00edv\u00e9ben.<\/span>[\/vc_hoverbox][vc_hoverbox image=&#8221;1974&#8243; primary_title=&#8221;&#8221; hover_title=&#8221;R\u00e9vf\u00fcl\u00f6p Szigeti Kertmozi&#8221; hover_title_font_container=&#8221;font_size:20&#8243; hover_title_google_fonts=&#8221;font_family:Crimson%20Text%3Aregular%2Citalic%2C600%2C600italic%2C700%2C700italic|font_style:600%20bold%20regular%3A600%3Anormal&#8221; hover_background_color=&#8221;chino&#8221; hover_btn_title=&#8221;\u00c9rdekel&#8221; hover_btn_size=&#8221;sm&#8221; hover_btn_align=&#8221;right&#8221; hover_btn_i_align=&#8221;right&#8221; hover_btn_i_icon_fontawesome=&#8221;fas fa-arrow-right&#8221; use_custom_fonts_hover_title=&#8221;true&#8221; hover_add_button=&#8221;true&#8221; hover_btn_add_icon=&#8221;true&#8221; hover_btn_link=&#8221;url:https%3A%2F%2Fbalatonmozi.hu%2Frevfulop%2F|title:R%C3%A9vf%C3%BCl%C3%B6p%20Szigeti%20Kertmozi|target:_blank&#8221; css=&#8221;.vc_custom_1690534473411{padding-top: 30px !important;}&#8221; hover_title_link=&#8221;url:https%3A%2F%2Fbalatonmozi.hu%2Frevfulop%2F|title:R%C3%A9vf%C3%BCl%C3%B6p%20Szigeti%20Kertmozi|target:_blank&#8221;]<span class=\"x193iq5w xeuugli x13faqbe x1vvkbs x1xmvt09 x1lliihq x1s928wv xhkezso x1gmr53x x1cpjm7i x1fgarty x1943h6x xudqn12 x3x7a5m x6prxxf xvq8zen xo1l8bm xzsf02u\" dir=\"auto\">Egy borbolt, egy borb\u00e1r \u00e9s egy \u00e9tterem \u00e9s mind ez egyszerre! K\u00f6vesk\u00e1lon a K\u00e1li-medence sz\u00edv\u00e9ben.<\/span>[\/vc_hoverbox][\/vc_column][vc_column width=&#8221;1\/4&#8243;][vc_hoverbox image=&#8221;1958&#8243; primary_title=&#8221;&#8221; hover_title=&#8221;Salf\u00f6ld Major&#8221; hover_title_font_container=&#8221;font_size:30&#8243; hover_title_google_fonts=&#8221;font_family:Crimson%20Text%3Aregular%2Citalic%2C600%2C600italic%2C700%2C700italic|font_style:600%20bold%20regular%3A600%3Anormal&#8221; hover_background_color=&#8221;chino&#8221; hover_btn_title=&#8221;\u00c9rdekel&#8221; hover_btn_size=&#8221;sm&#8221; hover_btn_align=&#8221;right&#8221; hover_btn_i_align=&#8221;right&#8221; hover_btn_i_icon_fontawesome=&#8221;fas fa-arrow-right&#8221; use_custom_fonts_hover_title=&#8221;true&#8221; hover_add_button=&#8221;true&#8221; hover_btn_add_icon=&#8221;true&#8221; hover_btn_link=&#8221;url:https%3A%2F%2Fwww.facebook.com%2Fsalfoldmajor%2F%3Flocale%3Dhu_HU|title:Salf%C3%B6ld%20major|target:_blank&#8221; hover_title_link=&#8221;url:https%3A%2F%2Fwww.facebook.com%2Fsalfoldmajor%2F%3Flocale%3Dhu_HU|title:Salf%C3%B6ld%20major|target:_blank&#8221;]<span class=\"x193iq5w xeuugli x13faqbe x1vvkbs x1xmvt09 x1lliihq x1s928wv xhkezso x1gmr53x x1cpjm7i x1fgarty x1943h6x xudqn12 x3x7a5m x6prxxf xvq8zen xo1l8bm xzsf02u\" dir=\"auto\">A Balaton-felvid\u00e9ki Nemzeti Park mintamajorja. Egy szelet vid\u00e9ki \u00e9let, term\u00e9szet \u00e9s nosztalgia<\/span>.[\/vc_hoverbox][vc_hoverbox image=&#8221;1963&#8243; primary_title=&#8221;&#8221; hover_title=&#8221;K\u0151 fagyi&#8221; hover_title_font_container=&#8221;font_size:30&#8243; hover_title_google_fonts=&#8221;font_family:Crimson%20Text%3Aregular%2Citalic%2C600%2C600italic%2C700%2C700italic|font_style:600%20bold%20regular%3A600%3Anormal&#8221; hover_background_color=&#8221;chino&#8221; hover_btn_title=&#8221;\u00c9rdekel&#8221; hover_btn_size=&#8221;sm&#8221; hover_btn_align=&#8221;right&#8221; hover_btn_i_align=&#8221;right&#8221; hover_btn_i_icon_fontawesome=&#8221;fas fa-arrow-right&#8221; use_custom_fonts_hover_title=&#8221;true&#8221; hover_add_button=&#8221;true&#8221; hover_btn_add_icon=&#8221;true&#8221; hover_btn_link=&#8221;url:https%3A%2F%2Fwww.facebook.com%2Fprofile.php%3Fid%3D100063493453372%26locale%3Dhu_HU|title:K%C5%91%20fagyi|target:_blank&#8221; css=&#8221;.vc_custom_1690449163739{padding-top: 30px !important;}&#8221; hover_title_link=&#8221;url:https%3A%2F%2Fwww.facebook.com%2Fprofile.php%3Fid%3D100063493453372%26locale%3Dhu_HU|title:K%C5%91fagyi|target:_blank&#8221;]<span class=\"x193iq5w xeuugli x13faqbe x1vvkbs x1xmvt09 x1lliihq x1s928wv xhkezso x1gmr53x x1cpjm7i x1fgarty x1943h6x xudqn12 x3x7a5m x6prxxf xvq8zen xo1l8bm xzsf02u\" dir=\"auto\">Fagyi. <\/span><\/p>\n<p><span class=\"x193iq5w xeuugli x13faqbe x1vvkbs x1xmvt09 x1lliihq x1s928wv xhkezso x1gmr53x x1cpjm7i x1fgarty x1943h6x xudqn12 x3x7a5m x6prxxf xvq8zen xo1l8bm xzsf02u\" dir=\"auto\">Mi k\u00e9sz\u00edtj\u00fck \u00e9s sz\u00edvesen csin\u00e1ljuk.<\/span>[\/vc_hoverbox][vc_hoverbox image=&#8221;1956&#8243; primary_title=&#8221;&#8221; hover_title=&#8221;Liliomkert Piac&#8221; hover_title_font_container=&#8221;font_size:30&#8243; hover_title_google_fonts=&#8221;font_family:Crimson%20Text%3Aregular%2Citalic%2C600%2C600italic%2C700%2C700italic|font_style:600%20bold%20regular%3A600%3Anormal&#8221; hover_background_color=&#8221;chino&#8221; hover_btn_title=&#8221;\u00c9rdekel&#8221; hover_btn_style=&#8221;flat&#8221; hover_btn_size=&#8221;sm&#8221; hover_btn_align=&#8221;right&#8221; hover_btn_i_align=&#8221;right&#8221; hover_btn_i_icon_fontawesome=&#8221;fas fa-arrow-right&#8221; use_custom_fonts_hover_title=&#8221;true&#8221; hover_add_button=&#8221;true&#8221; hover_btn_add_icon=&#8221;true&#8221; hover_btn_link=&#8221;url:https%3A%2F%2Fwww.facebook.com%2Fprofile.php%3Fid%3D100064543005883|title:Liliomkert%20Piac|target:_blank&#8221; hover_title_link=&#8221;url:https%3A%2F%2Fwww.facebook.com%2Fprofile.php%3Fid%3D100064543005883|title:Liliomkert%20Piac|target:_blank&#8221; css=&#8221;.vc_custom_1690534485890{padding-top: 30px !important;}&#8221;]<span class=\"x193iq5w xeuugli x13faqbe x1vvkbs x1xmvt09 x1lliihq x1s928wv xhkezso x1gmr53x x1cpjm7i x1fgarty x1943h6x xudqn12 x3x7a5m x6prxxf xvq8zen xo1l8bm xzsf02u\" dir=\"auto\">Termel\u0151i piac a K\u00e1li-medence sz\u00edv\u00e9ben<\/span>[\/vc_hoverbox][\/vc_column][\/vc_row]<\/p>\n<\/section>","protected":false},"excerpt":{"rendered":"<p>[vc_row fullwidth=&#8221;yes&#8221;][vc_column offset=&#8221;vc_col-lg-offset-0 vc_col-lg-12 vc_hidden-lg vc_col-md-offset-0 vc_col-md-12 vc_hidden-md vc_col-sm-offset-0 vc_hidden-sm vc_col-xs-12&#8243;][rev_slider_vc alias=&#8221;slider-2-desktop-1&#8243;][\/vc_column][\/vc_row][vc_row fullwidth=&#8221;yes&#8221;][vc_column offset=&#8221;vc_col-lg-offset-0 vc_col-md-offset-0 vc_col-sm-offset-0 vc_hidden-xs&#8221;][rev_slider_vc alias=&#8221;slider-1-desktop-1&#8243;][\/vc_column][\/vc_row][vc_row css=&#8221;.vc_custom_1694630200580{background-color: #3c3e39 !important;background-position: center !important;background-repeat: no-repeat !important;background-size: cover !important;}&#8221;][vc_column el_class=&#8221;color:#d9ccb8&#8243;][vc_column_text] A Vend\u00e9gh\u00e1z Egy 2,5 hekt\u00e1ros birtok csendes nyugalm\u00e1ban Szentb\u00e9kk\u00e1lla falut\u00f3l 800 m\u00e9terre a Fekete-hegyen kiad\u00e1sra k\u00edn\u00e1ljuk az 1800-as \u00e9vek derek\u00e1n \u00e9p\u00fclt, 2019-ben teljesen fel\u00faj\u00edtott pr\u00e9sh\u00e1zunkat. Az als\u00f3 [&hellip;]<\/p>\n","protected":false},"author":1,"featured_media":0,"parent":0,"menu_order":0,"comment_status":"closed","ping_status":"closed","template":"page-templates\/template-canvas.php","meta":{"footnotes":""},"class_list":["post-2333","page","type-page","status-publish","hentry"],"_links":{"self":[{"href":"https:\/\/kotulipan.hu\/index.php?rest_route=\/wp\/v2\/pages\/2333","targetHints":{"allow":["GET"]}}],"collection":[{"href":"https:\/\/kotulipan.hu\/index.php?rest_route=\/wp\/v2\/pages"}],"about":[{"href":"https:\/\/kotulipan.hu\/index.php?rest_route=\/wp\/v2\/types\/page"}],"author":[{"embeddable":true,"href":"https:\/\/kotulipan.hu\/index.php?rest_route=\/wp\/v2\/users\/1"}],"replies":[{"embeddable":true,"href":"https:\/\/kotulipan.hu\/index.php?rest_route=%2Fwp%2Fv2%2Fcomments&post=2333"}],"version-history":[{"count":0,"href":"https:\/\/kotulipan.hu\/index.php?rest_route=\/wp\/v2\/pages\/2333\/revisions"}],"wp:attachment":[{"href":"https:\/\/kotulipan.hu\/index.php?rest_route=%2Fwp%2Fv2%2Fmedia&parent=2333"}],"curies":[{"name":"wp","href":"https:\/\/api.w.org\/{rel}","templated":true}]}}