{"id":2065,"date":"2023-07-28T08:02:11","date_gmt":"2023-07-28T08:02:11","guid":{"rendered":"https:\/\/kotulipan.hu\/?page_id=2065"},"modified":"2023-09-13T21:28:26","modified_gmt":"2023-09-13T21:28:26","slug":"__trashed-2","status":"publish","type":"page","link":"https:\/\/kotulipan.hu\/?page_id=2065","title":{"rendered":"Programok"},"content":{"rendered":"<section class=\"wpb-content-wrapper\"><p>[vc_row css=&#8221;.vc_custom_1690540993059{margin-top: -30px !important;margin-bottom: -30px !important;}&#8221;][vc_column]\n\t\t\t<!-- START Fot\u00f3k 1 REVOLUTION SLIDER 6.6.14 --><p class=\"rs-p-wp-fix\"><\/p>\n\t\t\t<rs-module-wrap id=\"rev_slider_11_1_wrapper\" data-source=\"gallery\" style=\"visibility:hidden;background:transparent;padding:0;margin:0px auto;margin-top:0;margin-bottom:0;\">\n\t\t\t\t<rs-module id=\"rev_slider_11_1\" style=\"\" data-version=\"6.6.14\">\n\t\t\t\t\t<rs-slides style=\"overflow: hidden; position: absolute;\">\n\t\t\t\t\t\t<rs-slide style=\"position: absolute;\" data-key=\"rs-12\" data-title=\"Slide\" data-in=\"o:0;\" data-out=\"a:false;\">\n\t\t\t\t\t\t\t<img decoding=\"async\" src=\"\/\/kotulipan.hu\/wp-content\/plugins\/revslider\/public\/assets\/assets\/dummy.png\" alt=\"\" width=\"2560\" height=\"1707\" class=\"rev-slidebg tp-rs-img rs-lazyload\" data-lazyload=\"\/\/kotulipan.hu\/wp-content\/uploads\/2023\/07\/kotulipan-2019-06-24-zaicz-domokos-79-1-scaled.jpg\" data-no-retina>\n<!---->\t\t\t\t\t\t<\/rs-slide>\n\t\t\t\t\t\t<rs-slide style=\"position: absolute;\" data-key=\"rs-13\" data-title=\"Slide\" data-in=\"o:0;\" data-out=\"a:false;\">\n\t\t\t\t\t\t\t<img decoding=\"async\" src=\"\/\/kotulipan.hu\/wp-content\/plugins\/revslider\/public\/assets\/assets\/dummy.png\" alt=\"\" width=\"2560\" height=\"1707\" class=\"rev-slidebg tp-rs-img rs-lazyload\" data-lazyload=\"\/\/kotulipan.hu\/wp-content\/uploads\/2023\/07\/kotulipan-2019-06-24-zaicz-domokos-43-scaled.jpg\" data-no-retina>\n<!---->\t\t\t\t\t\t<\/rs-slide>\n\t\t\t\t\t\t<rs-slide style=\"position: absolute;\" data-key=\"rs-14\" data-title=\"Slide\" data-in=\"o:0;\" data-out=\"a:false;\">\n\t\t\t\t\t\t\t<img decoding=\"async\" src=\"\/\/kotulipan.hu\/wp-content\/plugins\/revslider\/public\/assets\/assets\/dummy.png\" alt=\"\" width=\"2560\" height=\"1707\" class=\"rev-slidebg tp-rs-img rs-lazyload\" data-lazyload=\"\/\/kotulipan.hu\/wp-content\/uploads\/2023\/07\/kotulipan-2019-06-24-zaicz-domokos-16-scaled.jpg\" data-no-retina>\n<!---->\t\t\t\t\t\t<\/rs-slide>\n\t\t\t\t\t\t<rs-slide style=\"position: absolute;\" data-key=\"rs-15\" data-title=\"Slide\" data-in=\"o:0;\" data-out=\"a:false;\">\n\t\t\t\t\t\t\t<img decoding=\"async\" src=\"\/\/kotulipan.hu\/wp-content\/plugins\/revslider\/public\/assets\/assets\/dummy.png\" alt=\"\" width=\"2560\" height=\"1707\" class=\"rev-slidebg tp-rs-img rs-lazyload\" data-lazyload=\"\/\/kotulipan.hu\/wp-content\/uploads\/2023\/07\/kotulipan-2019-06-24-zaicz-domokos-66-scaled.jpg\" data-bg=\"p:center top;\" data-no-retina>\n<!---->\t\t\t\t\t\t<\/rs-slide>\n\t\t\t\t\t<\/rs-slides>\n\t\t\t\t\t<rs-static-layers><!--\n\n\t\t\t\t\t\t\t--><rs-layer\n\t\t\t\t\t\t\t\tid=\"slider-11-slide-10-layer-2\" \n\t\t\t\t\t\t\t\tclass=\"rs-layer-static\"\n\t\t\t\t\t\t\t\tdata-type=\"shape\"\n\t\t\t\t\t\t\t\tdata-rsp_ch=\"on\"\n\t\t\t\t\t\t\t\tdata-xy=\"x:c;y:b;yo:-450px,-450px,-450px,-173px;\"\n\t\t\t\t\t\t\t\tdata-text=\"w:normal;s:20,20,20,7;l:0,0,0,9;\"\n\t\t\t\t\t\t\t\tdata-dim=\"w:150%;h:500px,500px,500px,193px;\"\n\t\t\t\t\t\t\t\tdata-basealign=\"slide\"\n\t\t\t\t\t\t\t\tdata-btrans=\"rZ:2;\"\n\t\t\t\t\t\t\t\tdata-onslides=\"s:1;\"\n\t\t\t\t\t\t\t\tdata-frame_999=\"o:0;st:w;\"\n\t\t\t\t\t\t\t\tstyle=\"z-index:7;background-color:#3c3e39;\"\n\t\t\t\t\t\t\t> \n\t\t\t\t\t\t\t<\/rs-layer><!--\n\n\t\t\t\t\t\t\t--><rs-layer\n\t\t\t\t\t\t\t\tid=\"slider-11-slide-10-layer-3\" \n\t\t\t\t\t\t\t\tclass=\"rs-layer-static\"\n\t\t\t\t\t\t\t\tdata-type=\"shape\"\n\t\t\t\t\t\t\t\tdata-rsp_ch=\"on\"\n\t\t\t\t\t\t\t\tdata-xy=\"x:c;y:b;yo:-450px,-450px,-450px,-173px;\"\n\t\t\t\t\t\t\t\tdata-text=\"w:normal;s:20,20,20,7;l:0,0,0,9;\"\n\t\t\t\t\t\t\t\tdata-dim=\"w:150%;h:500px,500px,500px,193px;\"\n\t\t\t\t\t\t\t\tdata-basealign=\"slide\"\n\t\t\t\t\t\t\t\tdata-btrans=\"rZ:-2;\"\n\t\t\t\t\t\t\t\tdata-onslides=\"s:1;\"\n\t\t\t\t\t\t\t\tdata-frame_999=\"o:0;st:w;\"\n\t\t\t\t\t\t\t\tstyle=\"z-index:6;background-color:#323231;\"\n\t\t\t\t\t\t\t> \n\t\t\t\t\t\t\t<\/rs-layer><!--\n\t\t\t\t\t--><\/rs-static-layers>\n\t\t\t\t<\/rs-module>\n\t\t\t\t<script>\n\t\t\t\t\tsetREVStartSize({c: 'rev_slider_11_1',rl:[1240,1240,1240,480],el:[500,500,500,600],gw:[1240,1240,1240,480],gh:[500,500,500,600],type:'standard',justify:'',layout:'fullwidth',mh:\"0\"});if (window.RS_MODULES!==undefined && window.RS_MODULES.modules!==undefined && window.RS_MODULES.modules[\"revslider111\"]!==undefined) {window.RS_MODULES.modules[\"revslider111\"].once = false;window.revapi11 = undefined;if (window.RS_MODULES.checkMinimal!==undefined) window.RS_MODULES.checkMinimal()}\n\t\t\t\t<\/script>\n\t\t\t<\/rs-module-wrap>\n\t\t\t<!-- END REVOLUTION SLIDER -->\n[\/vc_column][\/vc_row][vc_row css=&#8221;.vc_custom_1690533414578{background-color: #3c3e39 !important;}&#8221;][vc_column][vc_column_text]<\/p>\n<h2 style=\"text-align: center; font-family: Crimson Pro,serif;\"><span style=\"color: #e1d5c5;\">Programok<\/span><\/h2>\n<p>[\/vc_column_text][\/vc_column][\/vc_row][vc_row css=&#8221;.vc_custom_1690533574386{background-color: #3c3e39 !important;}&#8221; el_id=&#8221;programok&#8221;][vc_column width=&#8221;1\/4&#8243;][vc_hoverbox image=&#8221;1959&#8243; primary_title=&#8221;&#8221; hover_title=&#8221;Szentb\u00e9kk\u00e1llai k\u0151tenger&#8221; hover_title_font_container=&#8221;font_size:23&#8243; hover_title_google_fonts=&#8221;font_family:Crimson%20Text%3Aregular%2Citalic%2C600%2C600italic%2C700%2C700italic|font_style:600%20bold%20regular%3A600%3Anormal&#8221; hover_background_color=&#8221;chino&#8221; hover_btn_title=&#8221;\u00c9rdekel&#8221; hover_btn_align=&#8221;right&#8221; hover_btn_i_align=&#8221;right&#8221; hover_btn_i_icon_fontawesome=&#8221;fas fa-arrow-right&#8221; use_custom_fonts_hover_title=&#8221;true&#8221; hover_add_button=&#8221;true&#8221; hover_btn_add_icon=&#8221;true&#8221; hover_title_link=&#8221;url:https%3A%2F%2Fwelovebalaton.hu%2Fhely%2Fszentbekkallai-kotenger|title:Szentb%C3%A9kk%C3%A1llai%20k%C5%91tenger|target:_blank&#8221; hover_btn_link=&#8221;url:https%3A%2F%2Fwelovebalaton.hu%2Fhely%2Fszentbekkallai-kotenger|title:Szentb%C3%A9kk%C3%A1llai%20k%C5%91tenger&#8221;]<span class=\"x193iq5w xeuugli x13faqbe x1vvkbs x1xmvt09 x1lliihq x1s928wv xhkezso x1gmr53x x1cpjm7i x1fgarty x1943h6x xudqn12 x3x7a5m x6prxxf xvq8zen xo1l8bm xzsf02u\" dir=\"auto\">A K\u00e1li-medence sz\u00e9l\u00e9n, Salf\u00f6ldt\u0151l K\u0151v\u00e1g\u00f3\u00f6rs\u00f6n \u00e1t a Hegyest\u0171ig h\u00faz\u00f3d\u00f3 s\u00e1vban egyed\u00fcl\u00e1ll\u00f3 term\u00e9szeti l\u00e1tnival\u00f3t, a &#8220;k\u0151tengereket&#8221; l\u00e1thatod.<\/span><\/p>\n<p>&nbsp;<\/p>\n<p>&nbsp;<\/p>\n<p>[\/vc_hoverbox][vc_hoverbox image=&#8221;1960&#8243; primary_title=&#8221;&#8221; hover_title=&#8221;Andriska P\u00e9kbisztr\u00f3&#8221; hover_title_font_container=&#8221;font_size:28&#8243; hover_title_google_fonts=&#8221;font_family:Crimson%20Text%3Aregular%2Citalic%2C600%2C600italic%2C700%2C700italic|font_style:600%20bold%20regular%3A600%3Anormal&#8221; hover_background_color=&#8221;chino&#8221; hover_btn_title=&#8221;\u00c9rdekel&#8221; hover_btn_align=&#8221;right&#8221; hover_btn_i_align=&#8221;right&#8221; hover_btn_i_icon_fontawesome=&#8221;fas fa-arrow-right&#8221; use_custom_fonts_hover_title=&#8221;true&#8221; hover_add_button=&#8221;true&#8221; hover_btn_add_icon=&#8221;true&#8221; hover_title_link=&#8221;url:https%3A%2F%2Fwelovebalaton.hu%2Fhely%2Fszentbekkallai-kotenger|title:Szentb%C3%A9kk%C3%A1llai%20k%C5%91tenger|target:_blank&#8221; hover_btn_link=&#8221;url:https%3A%2F%2Fwww.andriskapekbisztro.hu%2F|title:Andriska%20P%C3%A9kbisztr%C3%B3|target:_blank&#8221; css=&#8221;.vc_custom_1690534774626{padding-top: 30px !important;}&#8221;]<span class=\"x193iq5w xeuugli x13faqbe x1vvkbs x1xmvt09 x1lliihq x1s928wv xhkezso x1gmr53x x1cpjm7i x1fgarty x1943h6x xudqn12 x3x7a5m x6prxxf xvq8zen xo1l8bm xzsf02u\" dir=\"auto\">Kifli, k\u00e1v\u00e9, reggeli. Eg\u00e9sz \u00e9vben v\u00e1runk K\u0151v\u00e1g\u00f3\u00f6rs\u00f6n min\u0151s\u00e9gi, friss, helyben k\u00e9sz\u00edtett term\u00e9kekkel.<\/span><\/p>\n<p>&nbsp;<\/p>\n<p>&nbsp;<\/p>\n<p>[\/vc_hoverbox][vc_hoverbox image=&#8221;1973&#8243; primary_title=&#8221;&#8221; hover_title=&#8221;K\u00e1li-kapocs&#8221; hover_title_font_container=&#8221;font_size:30&#8243; hover_title_google_fonts=&#8221;font_family:Crimson%20Text%3Aregular%2Citalic%2C600%2C600italic%2C700%2C700italic|font_style:600%20bold%20regular%3A600%3Anormal&#8221; hover_background_color=&#8221;chino&#8221; hover_btn_title=&#8221;\u00c9rdekel&#8221; hover_btn_align=&#8221;right&#8221; hover_btn_i_align=&#8221;right&#8221; hover_btn_i_icon_fontawesome=&#8221;fas fa-arrow-right&#8221; use_custom_fonts_hover_title=&#8221;true&#8221; hover_add_button=&#8221;true&#8221; hover_btn_add_icon=&#8221;true&#8221; hover_title_link=&#8221;url:https%3A%2F%2Fwelovebalaton.hu%2Fhely%2Fszentbekkallai-kotenger|title:Szentb%C3%A9kk%C3%A1llai%20k%C5%91tenger|target:_blank&#8221; hover_btn_link=&#8221;url:https%3A%2F%2Fwww.facebook.com%2Fprofile.php%3Fid%3D100063684392975|title:K%C3%A1li-kapocs|target:_blank&#8221; css=&#8221;.vc_custom_1690534966991{padding-top: 30px !important;}&#8221;]<span class=\"x193iq5w xeuugli x13faqbe x1vvkbs x1xmvt09 x1lliihq x1s928wv xhkezso x1gmr53x x1cpjm7i x1fgarty x1943h6x xudqn12 x3x7a5m x6prxxf xvq8zen xo1l8bm xzsf02u\" dir=\"auto\">Romkocsma a K\u00e1li-medenc\u00e9ben<\/span><\/p>\n<p>&nbsp;<\/p>\n<p>&nbsp;<\/p>\n<p>[\/vc_hoverbox][vc_hoverbox image=&#8221;2095&#8243; primary_title=&#8221;&#8221; hover_title=&#8221;Tihanyi Szabadt\u00e9ri J\u00e1t\u00e9kok&#8221; hover_title_font_container=&#8221;font_size:23&#8243; hover_title_google_fonts=&#8221;font_family:Crimson%20Text%3Aregular%2Citalic%2C600%2C600italic%2C700%2C700italic|font_style:600%20bold%20regular%3A600%3Anormal&#8221; hover_background_color=&#8221;chino&#8221; hover_btn_title=&#8221;\u00c9rdekel&#8221; hover_btn_align=&#8221;right&#8221; hover_btn_i_align=&#8221;right&#8221; hover_btn_i_icon_fontawesome=&#8221;fas fa-arrow-right&#8221; use_custom_fonts_hover_title=&#8221;true&#8221; hover_add_button=&#8221;true&#8221; hover_btn_add_icon=&#8221;true&#8221; hover_title_link=&#8221;url:https%3A%2F%2Ftihanyiszabadterijatekok.hu|title:Tihanyi%20Szabadt%C3%A9ri%20J%C3%A1t%C3%A9kok|target:_blank&#8221; hover_btn_link=&#8221;url:https%3A%2F%2Ftihanyiszabadterijatekok.hu|title:Tihanyi%20Szabadt%C3%A9ri%20J%C3%A1t%C3%A9kok|target:_blank&#8221; css=&#8221;.vc_custom_1690536337509{padding-top: 30px !important;}&#8221;]<span class=\"x193iq5w xeuugli x13faqbe x1vvkbs x1xmvt09 x1lliihq x1s928wv xhkezso x1gmr53x x1cpjm7i x1fgarty x1943h6x xudqn12 x3x7a5m x6prxxf xvq8zen xo1l8bm xzsf02u\" dir=\"auto\">Fantasztikus el\u0151ad\u00e1sok \u00e9s koncertek Tihanyban a Bels\u0151 t\u00f3 partj\u00e1n minden ny\u00e1ron j\u00faliust\u00f3l augusztusig. <\/span><\/p>\n<p>[\/vc_hoverbox][\/vc_column][vc_column width=&#8221;1\/4&#8243;][vc_hoverbox image=&#8221;1962&#8243; primary_title=&#8221;&#8221; hover_title=&#8221;Hegyest\u0171 Geol\u00f3giai Bemutat\u00f3hely&#8221; hover_title_font_container=&#8221;font_size:25&#8243; hover_title_google_fonts=&#8221;font_family:Crimson%20Text%3Aregular%2Citalic%2C600%2C600italic%2C700%2C700italic|font_style:600%20bold%20regular%3A600%3Anormal&#8221; hover_background_color=&#8221;chino&#8221; hover_btn_title=&#8221;\u00c9rdekel&#8221; hover_btn_align=&#8221;right&#8221; hover_btn_i_align=&#8221;right&#8221; hover_btn_i_icon_fontawesome=&#8221;fas fa-arrow-right&#8221; use_custom_fonts_hover_title=&#8221;true&#8221; hover_add_button=&#8221;true&#8221; hover_btn_add_icon=&#8221;true&#8221; hover_title_link=&#8221;url:https%3A%2F%2Fwelovebalaton.hu%2Fhely%2Fszentbekkallai-kotenger|title:Szentb%C3%A9kk%C3%A1llai%20k%C5%91tenger|target:_blank&#8221; hover_btn_link=&#8221;url:https%3A%2F%2Fwww.bfnp.hu%2Fhu%2Flatogatohelyek-3%2Fhegyestu-geologiai-bemutatohely-monoszlo|title:Hegyest%C5%B1%20Geol%C3%B3giai%20Bemutat%C3%B3hely|target:_blank&#8221;]<span class=\"x193iq5w xeuugli x13faqbe x1vvkbs x1xmvt09 x1lliihq x1s928wv xhkezso x1gmr53x x1cpjm7i x1fgarty x1943h6x xudqn12 x3x7a5m x6prxxf xvq8zen xo1l8bm xzsf02u\" dir=\"auto\">Pazar kil\u00e1t\u00e1s egy bazaltvulk\u00e1nr\u00f3l, s\u00e9ta az egykori kr\u00e1terben, Dun\u00e1nt\u00fali K\u0151t\u00e1r<\/span><\/p>\n<p>&nbsp;<\/p>\n<p>&nbsp;<\/p>\n<p>[\/vc_hoverbox][vc_hoverbox image=&#8221;1964&#8243; primary_title=&#8221;&#8221; hover_title=&#8221;K\u0151vir\u00e1g \u00e9tterem&#8221; hover_title_font_container=&#8221;font_size:30&#8243; hover_title_google_fonts=&#8221;font_family:Crimson%20Text%3Aregular%2Citalic%2C600%2C600italic%2C700%2C700italic|font_style:600%20bold%20regular%3A600%3Anormal&#8221; hover_background_color=&#8221;chino&#8221; hover_btn_title=&#8221;\u00c9rdekel&#8221; hover_btn_align=&#8221;right&#8221; hover_btn_i_align=&#8221;right&#8221; hover_btn_i_icon_fontawesome=&#8221;fas fa-arrow-right&#8221; use_custom_fonts_hover_title=&#8221;true&#8221; hover_add_button=&#8221;true&#8221; hover_btn_add_icon=&#8221;true&#8221; hover_title_link=&#8221;url:https%3A%2F%2Fwelovebalaton.hu%2Fhely%2Fszentbekkallai-kotenger|title:Szentb%C3%A9kk%C3%A1llai%20k%C5%91tenger|target:_blank&#8221; hover_btn_link=&#8221;url:https%3A%2F%2Fkovirag.hu%2F|title:K%C5%91vir%C3%A1g|target:_blank&#8221; css=&#8221;.vc_custom_1690534818504{padding-top: 30px !important;}&#8221;]<span class=\"x193iq5w xeuugli x13faqbe x1vvkbs x1xmvt09 x1lliihq x1s928wv xhkezso x1gmr53x x1cpjm7i x1fgarty x1943h6x xudqn12 x3x7a5m x6prxxf xvq8zen xo1l8bm xzsf02u\" dir=\"auto\">Van valami ebben a helyben, amit nem lehet szavakkal le\u00edrni.<\/span><\/p>\n<p>&nbsp;<\/p>\n<p>&nbsp;<\/p>\n<p>[\/vc_hoverbox][vc_hoverbox image=&#8221;1971&#8243; primary_title=&#8221;&#8221; hover_title=&#8221;Csig\u00f3 Art Pont 2023&#8243; hover_title_font_container=&#8221;font_size:25&#8243; hover_title_google_fonts=&#8221;font_family:Crimson%20Text%3Aregular%2Citalic%2C600%2C600italic%2C700%2C700italic|font_style:600%20bold%20regular%3A600%3Anormal&#8221; hover_background_color=&#8221;chino&#8221; hover_btn_title=&#8221;\u00c9rdekel&#8221; hover_btn_align=&#8221;right&#8221; hover_btn_i_align=&#8221;right&#8221; hover_btn_i_icon_fontawesome=&#8221;fas fa-arrow-right&#8221; use_custom_fonts_hover_title=&#8221;true&#8221; hover_add_button=&#8221;true&#8221; hover_btn_add_icon=&#8221;true&#8221; hover_title_link=&#8221;url:https%3A%2F%2Fwelovebalaton.hu%2Fhely%2Fszentbekkallai-kotenger|title:Szentb%C3%A9kk%C3%A1llai%20k%C5%91tenger|target:_blank&#8221; hover_btn_link=&#8221;url:https%3A%2F%2Fwww.programturizmus.hu%2Fajanlat-nyari-muveszeti-fesztival.html|title:Csig%C3%B3%20Art%20Pont%202023|target:_blank&#8221; css=&#8221;.vc_custom_1690534936475{padding-top: 30px !important;}&#8221;]<span class=\"x193iq5w xeuugli x13faqbe x1vvkbs x1xmvt09 x1lliihq x1s928wv xhkezso x1gmr53x x1cpjm7i x1fgarty x1943h6x xudqn12 x3x7a5m x6prxxf xvq8zen xo1l8bm xzsf02u\" dir=\"auto\">\u00d6sszm\u0171v\u00e9szeti rendezv\u00e9nysorozat a Csig\u00f3 Malomban. F\u00f3kuszban a komolyzene, k\u00e9pz\u0151m\u0171v\u00e9szet \u00e9s a gy\u0171jt\u00e9s vil\u00e1ga.<\/span><\/p>\n<p>&nbsp;<\/p>\n<p>&nbsp;<\/p>\n<p>[\/vc_hoverbox][\/vc_column][vc_column width=&#8221;1\/4&#8243;][vc_hoverbox image=&#8221;1961&#8243; primary_title=&#8221;&#8221; hover_title=&#8221;Folly Arbor\u00e9tum&#8221; hover_title_font_container=&#8221;font_size:30&#8243; hover_title_google_fonts=&#8221;font_family:Crimson%20Text%3Aregular%2Citalic%2C600%2C600italic%2C700%2C700italic|font_style:600%20bold%20regular%3A600%3Anormal&#8221; hover_background_color=&#8221;chino&#8221; hover_btn_title=&#8221;\u00c9rdekel&#8221; hover_btn_align=&#8221;right&#8221; hover_btn_i_align=&#8221;right&#8221; hover_btn_i_icon_fontawesome=&#8221;fas fa-arrow-right&#8221; use_custom_fonts_hover_title=&#8221;true&#8221; hover_add_button=&#8221;true&#8221; hover_btn_add_icon=&#8221;true&#8221; hover_title_link=&#8221;url:https%3A%2F%2Fwelovebalaton.hu%2Fhely%2Fszentbekkallai-kotenger|title:Szentb%C3%A9kk%C3%A1llai%20k%C5%91tenger|target:_blank&#8221; hover_btn_link=&#8221;url:https%3A%2F%2Fwww.folly.hu|title:Folly%20arbor%C3%A9tum|target:_blank&#8221;]<span class=\"x193iq5w xeuugli x13faqbe x1vvkbs x1xmvt09 x1lliihq x1s928wv xhkezso x1gmr53x x1cpjm7i x1fgarty x1943h6x xudqn12 x3x7a5m x6prxxf xvq8zen xo1l8bm xzsf02u\" dir=\"auto\">Az \u00e9v minden napj\u00e1n v\u00e1runk! 120 \u00e9ves \u00f6r\u00f6kz\u00f6ld mag\u00e1nkert, mesesz\u00e9p balatoni panor\u00e1ma, \u00e9s a vid\u00e9k \u00edzei.<\/span><\/p>\n<p>&nbsp;<\/p>\n<p>&nbsp;<\/p>\n<p>&nbsp;<\/p>\n<p>[\/vc_hoverbox][vc_hoverbox image=&#8221;1957&#8243; primary_title=&#8221;&#8221; hover_title=&#8221;Miak\u0151 \u00c9tterem&#8221; hover_title_font_container=&#8221;font_size:30&#8243; hover_title_google_fonts=&#8221;font_family:Crimson%20Text%3Aregular%2Citalic%2C600%2C600italic%2C700%2C700italic|font_style:600%20bold%20regular%3A600%3Anormal&#8221; hover_background_color=&#8221;chino&#8221; hover_btn_title=&#8221;\u00c9rdekel&#8221; hover_btn_align=&#8221;right&#8221; hover_btn_i_align=&#8221;right&#8221; hover_btn_i_icon_fontawesome=&#8221;fas fa-arrow-right&#8221; use_custom_fonts_hover_title=&#8221;true&#8221; hover_add_button=&#8221;true&#8221; hover_btn_add_icon=&#8221;true&#8221; hover_title_link=&#8221;url:https%3A%2F%2Fwelovebalaton.hu%2Fhely%2Fszentbekkallai-kotenger|title:Szentb%C3%A9kk%C3%A1llai%20k%C5%91tenger|target:_blank&#8221; hover_btn_link=&#8221;url:https%3A%2F%2Fmia-ko.hu%2Fmenu%2Fenglish-menu%2F|title:Miak%C5%91|target:_blank&#8221; css=&#8221;.vc_custom_1690536046050{padding-top: 30px !important;}&#8221;]<span class=\"x193iq5w xeuugli x13faqbe x1vvkbs x1xmvt09 x1lliihq x1s928wv xhkezso x1gmr53x x1cpjm7i x1fgarty x1943h6x xudqn12 x3x7a5m x6prxxf xvq8zen xo1l8bm xzsf02u\" dir=\"auto\">Egy borbolt, egy borb\u00e1r \u00e9s egy \u00e9tterem \u00e9s mind ez egyszerre! K\u00f6vesk\u00e1lon a K\u00e1li-medence sz\u00edv\u00e9ben.<\/span><\/p>\n<p>&nbsp;<\/p>\n<p>[\/vc_hoverbox][vc_hoverbox image=&#8221;1974&#8243; primary_title=&#8221;&#8221; hover_title=&#8221;R\u00e9vf\u00fcl\u00f6p Szigeti Kertmozi&#8221; hover_title_font_container=&#8221;font_size:20&#8243; hover_title_google_fonts=&#8221;font_family:Crimson%20Text%3Aregular%2Citalic%2C600%2C600italic%2C700%2C700italic|font_style:600%20bold%20regular%3A600%3Anormal&#8221; hover_background_color=&#8221;chino&#8221; hover_btn_title=&#8221;\u00c9rdekel&#8221; hover_btn_align=&#8221;right&#8221; hover_btn_i_align=&#8221;right&#8221; hover_btn_i_icon_fontawesome=&#8221;fas fa-arrow-right&#8221; use_custom_fonts_hover_title=&#8221;true&#8221; hover_add_button=&#8221;true&#8221; hover_btn_add_icon=&#8221;true&#8221; hover_title_link=&#8221;url:https%3A%2F%2Fwelovebalaton.hu%2Fhely%2Fszentbekkallai-kotenger|title:Szentb%C3%A9kk%C3%A1llai%20k%C5%91tenger|target:_blank&#8221; hover_btn_link=&#8221;url:https%3A%2F%2Fbalatonmozi.hu%2Frevfulop%2F|title:R%C3%A9vf%C3%BCl%C3%B6p%20Szigeti%20Kertmozi|target:_blank&#8221; css=&#8221;.vc_custom_1690536066661{padding-top: 30px !important;}&#8221;]<span class=\"x193iq5w xeuugli x13faqbe x1vvkbs x1xmvt09 x1lliihq x1s928wv xhkezso x1gmr53x x1cpjm7i x1fgarty x1943h6x xudqn12 x3x7a5m x6prxxf xvq8zen xo1l8bm xzsf02u\" dir=\"auto\">Egy borbolt, egy borb\u00e1r \u00e9s egy \u00e9tterem \u00e9s mind ez egyszerre! K\u00f6vesk\u00e1lon a K\u00e1li-medence sz\u00edv\u00e9ben.<\/span><\/p>\n<p>&nbsp;<\/p>\n<p>[\/vc_hoverbox][\/vc_column][vc_column width=&#8221;1\/4&#8243;][vc_hoverbox image=&#8221;1958&#8243; primary_title=&#8221;&#8221; hover_title=&#8221;Salf\u00f6ld Major&#8221; hover_title_font_container=&#8221;font_size:30&#8243; hover_title_google_fonts=&#8221;font_family:Crimson%20Text%3Aregular%2Citalic%2C600%2C600italic%2C700%2C700italic|font_style:600%20bold%20regular%3A600%3Anormal&#8221; hover_background_color=&#8221;chino&#8221; hover_btn_title=&#8221;\u00c9rdekel&#8221; hover_btn_align=&#8221;right&#8221; hover_btn_i_align=&#8221;right&#8221; hover_btn_i_icon_fontawesome=&#8221;fas fa-arrow-right&#8221; use_custom_fonts_hover_title=&#8221;true&#8221; hover_add_button=&#8221;true&#8221; hover_btn_add_icon=&#8221;true&#8221; hover_title_link=&#8221;url:https%3A%2F%2Fwelovebalaton.hu%2Fhely%2Fszentbekkallai-kotenger|title:Szentb%C3%A9kk%C3%A1llai%20k%C5%91tenger|target:_blank&#8221; hover_btn_link=&#8221;url:https%3A%2F%2Fwww.facebook.com%2Fsalfoldmajor%2F%3Flocale%3Dhu_HU|title:Salf%C3%B6ld%20major|target:_blank&#8221;]<span class=\"x193iq5w xeuugli x13faqbe x1vvkbs x1xmvt09 x1lliihq x1s928wv xhkezso x1gmr53x x1cpjm7i x1fgarty x1943h6x xudqn12 x3x7a5m x6prxxf xvq8zen xo1l8bm xzsf02u\" dir=\"auto\">A Balaton-felvid\u00e9ki Nemzeti Park mintamajorja. Egy szelet vid\u00e9ki \u00e9let, term\u00e9szet \u00e9s nosztalgia.<\/span><\/p>\n<p>&nbsp;<\/p>\n<p>&nbsp;<\/p>\n<p>&nbsp;<\/p>\n<p>&nbsp;<\/p>\n<p>[\/vc_hoverbox][vc_hoverbox image=&#8221;1963&#8243; primary_title=&#8221;&#8221; hover_title=&#8221;K\u0151 fagyi&#8221; hover_title_font_container=&#8221;font_size:30&#8243; hover_title_google_fonts=&#8221;font_family:Crimson%20Text%3Aregular%2Citalic%2C600%2C600italic%2C700%2C700italic|font_style:600%20bold%20regular%3A600%3Anormal&#8221; hover_background_color=&#8221;chino&#8221; hover_btn_title=&#8221;\u00c9rdekel&#8221; hover_btn_align=&#8221;right&#8221; hover_btn_i_align=&#8221;right&#8221; hover_btn_i_icon_fontawesome=&#8221;fas fa-arrow-right&#8221; use_custom_fonts_hover_title=&#8221;true&#8221; hover_add_button=&#8221;true&#8221; hover_btn_add_icon=&#8221;true&#8221; hover_title_link=&#8221;url:https%3A%2F%2Fwelovebalaton.hu%2Fhely%2Fszentbekkallai-kotenger|title:Szentb%C3%A9kk%C3%A1llai%20k%C5%91tenger|target:_blank&#8221; hover_btn_link=&#8221;url:https%3A%2F%2Fwww.facebook.com%2Fprofile.php%3Fid%3D100063493453372%26locale%3Dhu_HU|title:K%C5%91%20fagyi|target:_blank&#8221; css=&#8221;.vc_custom_1690534901376{padding-top: 30px !important;}&#8221;]<span class=\"x193iq5w xeuugli x13faqbe x1vvkbs x1xmvt09 x1lliihq x1s928wv xhkezso x1gmr53x x1cpjm7i x1fgarty x1943h6x xudqn12 x3x7a5m x6prxxf xvq8zen xo1l8bm xzsf02u\" dir=\"auto\">Fagyi. <\/span><\/p>\n<p><span class=\"x193iq5w xeuugli x13faqbe x1vvkbs x1xmvt09 x1lliihq x1s928wv xhkezso x1gmr53x x1cpjm7i x1fgarty x1943h6x xudqn12 x3x7a5m x6prxxf xvq8zen xo1l8bm xzsf02u\" dir=\"auto\">Mi k\u00e9sz\u00edtj\u00fck \u00e9s sz\u00edvesen csin\u00e1ljuk.<\/span><\/p>\n<p><span class=\"x193iq5w xeuugli x13faqbe x1vvkbs x1xmvt09 x1lliihq x1s928wv xhkezso x1gmr53x x1cpjm7i x1fgarty x1943h6x xudqn12 x3x7a5m x6prxxf xvq8zen xo1l8bm xzsf02u\" dir=\"auto\">\u00a0<\/span><\/p>\n<p>&nbsp;<\/p>\n<p>&nbsp;<\/p>\n<p>[\/vc_hoverbox][vc_hoverbox image=&#8221;1956&#8243; primary_title=&#8221;&#8221; hover_title=&#8221;Liliomkert Piac&#8221; hover_title_font_container=&#8221;font_size:30&#8243; hover_title_google_fonts=&#8221;font_family:Crimson%20Text%3Aregular%2Citalic%2C600%2C600italic%2C700%2C700italic|font_style:600%20bold%20regular%3A600%3Anormal&#8221; hover_background_color=&#8221;chino&#8221; hover_btn_title=&#8221;\u00c9rdekel&#8221; hover_btn_align=&#8221;right&#8221; hover_btn_i_align=&#8221;right&#8221; hover_btn_i_icon_fontawesome=&#8221;fas fa-arrow-right&#8221; use_custom_fonts_hover_title=&#8221;true&#8221; hover_add_button=&#8221;true&#8221; hover_btn_add_icon=&#8221;true&#8221; hover_title_link=&#8221;url:https%3A%2F%2Fwelovebalaton.hu%2Fhely%2Fszentbekkallai-kotenger|title:Szentb%C3%A9kk%C3%A1llai%20k%C5%91tenger|target:_blank&#8221; hover_btn_link=&#8221;url:https%3A%2F%2Fwww.facebook.com%2Fprofile.php%3Fid%3D100064543005883|title:Liliomkert%20Piac|target:_blank&#8221; css=&#8221;.vc_custom_1690535046739{padding-top: 30px !important;}&#8221;]<span class=\"x193iq5w xeuugli x13faqbe x1vvkbs x1xmvt09 x1lliihq x1s928wv xhkezso x1gmr53x x1cpjm7i x1fgarty x1943h6x xudqn12 x3x7a5m x6prxxf xvq8zen xo1l8bm xzsf02u\" dir=\"auto\">Termel\u0151i piac a K\u00e1li-medence sz\u00edv\u00e9ben.<\/span><\/p>\n<p>&nbsp;<\/p>\n<p>[\/vc_hoverbox][\/vc_column][\/vc_row]<\/p>\n<\/section>","protected":false},"excerpt":{"rendered":"<p>[vc_row css=&#8221;.vc_custom_1690540993059{margin-top: -30px !important;margin-bottom: -30px !important;}&#8221;][vc_column][\/vc_column][\/vc_row][vc_row css=&#8221;.vc_custom_1690533414578{background-color: #3c3e39 !important;}&#8221;][vc_column][vc_column_text] Programok [\/vc_column_text][\/vc_column][\/vc_row][vc_row css=&#8221;.vc_custom_1690533574386{background-color: #3c3e39 !important;}&#8221; el_id=&#8221;programok&#8221;][vc_column width=&#8221;1\/4&#8243;][vc_hoverbox image=&#8221;1959&#8243; primary_title=&#8221;&#8221; hover_title=&#8221;Szentb\u00e9kk\u00e1llai k\u0151tenger&#8221; hover_title_font_container=&#8221;font_size:23&#8243; hover_title_google_fonts=&#8221;font_family:Crimson%20Text%3Aregular%2Citalic%2C600%2C600italic%2C700%2C700italic|font_style:600%20bold%20regular%3A600%3Anormal&#8221; hover_background_color=&#8221;chino&#8221; hover_btn_title=&#8221;\u00c9rdekel&#8221; hover_btn_align=&#8221;right&#8221; hover_btn_i_align=&#8221;right&#8221; hover_btn_i_icon_fontawesome=&#8221;fas fa-arrow-right&#8221; use_custom_fonts_hover_title=&#8221;true&#8221; hover_add_button=&#8221;true&#8221; hover_btn_add_icon=&#8221;true&#8221; hover_title_link=&#8221;url:https%3A%2F%2Fwelovebalaton.hu%2Fhely%2Fszentbekkallai-kotenger|title:Szentb%C3%A9kk%C3%A1llai%20k%C5%91tenger|target:_blank&#8221; hover_btn_link=&#8221;url:https%3A%2F%2Fwelovebalaton.hu%2Fhely%2Fszentbekkallai-kotenger|title:Szentb%C3%A9kk%C3%A1llai%20k%C5%91tenger&#8221;]A K\u00e1li-medence sz\u00e9l\u00e9n, Salf\u00f6ldt\u0151l K\u0151v\u00e1g\u00f3\u00f6rs\u00f6n \u00e1t a Hegyest\u0171ig h\u00faz\u00f3d\u00f3 s\u00e1vban egyed\u00fcl\u00e1ll\u00f3 term\u00e9szeti l\u00e1tnival\u00f3t, a &#8220;k\u0151tengereket&#8221; l\u00e1thatod. &nbsp; &nbsp; [\/vc_hoverbox][vc_hoverbox image=&#8221;1960&#8243; primary_title=&#8221;&#8221; hover_title=&#8221;Andriska P\u00e9kbisztr\u00f3&#8221; [&hellip;]<\/p>\n","protected":false},"author":1,"featured_media":0,"parent":0,"menu_order":0,"comment_status":"closed","ping_status":"closed","template":"page-templates\/template-canvas.php","meta":{"footnotes":""},"class_list":["post-2065","page","type-page","status-publish","hentry"],"_links":{"self":[{"href":"https:\/\/kotulipan.hu\/index.php?rest_route=\/wp\/v2\/pages\/2065","targetHints":{"allow":["GET"]}}],"collection":[{"href":"https:\/\/kotulipan.hu\/index.php?rest_route=\/wp\/v2\/pages"}],"about":[{"href":"https:\/\/kotulipan.hu\/index.php?rest_route=\/wp\/v2\/types\/page"}],"author":[{"embeddable":true,"href":"https:\/\/kotulipan.hu\/index.php?rest_route=\/wp\/v2\/users\/1"}],"replies":[{"embeddable":true,"href":"https:\/\/kotulipan.hu\/index.php?rest_route=%2Fwp%2Fv2%2Fcomments&post=2065"}],"version-history":[{"count":0,"href":"https:\/\/kotulipan.hu\/index.php?rest_route=\/wp\/v2\/pages\/2065\/revisions"}],"wp:attachment":[{"href":"https:\/\/kotulipan.hu\/index.php?rest_route=%2Fwp%2Fv2%2Fmedia&parent=2065"}],"curies":[{"name":"wp","href":"https:\/\/api.w.org\/{rel}","templated":true}]}}